{"id":215,"date":"2014-01-16T15:50:13","date_gmt":"2014-01-16T14:50:13","guid":{"rendered":"http:\/\/www.ciellecavalli.it\/?page_id=215"},"modified":"2015-04-29T10:54:31","modified_gmt":"2015-04-29T08:54:31","slug":"produits","status":"publish","type":"page","link":"https:\/\/www.ciellecavalli.it\/fr\/produits\/","title":{"rendered":"Les protections axillaires"},"content":{"rendered":"<p><img loading=\"lazy\" decoding=\"async\" class=\"alignright  wp-image-48\" style=\"width: 65%; max-width: 649px;\" src=\"\/wp-content\/uploads\/2013\/11\/assorbenti1.jpg\" alt=\"assorbenti1\" width=\"649\" height=\"374\" srcset=\"https:\/\/www.ciellecavalli.it\/wp-content\/uploads\/2013\/11\/assorbenti1.jpg 649w, https:\/\/www.ciellecavalli.it\/wp-content\/uploads\/2013\/11\/assorbenti1-300x172.jpg 300w\" sizes=\"auto, (max-width: 649px) 100vw, 649px\" \/>La soci\u00e9t\u00e9 Cielle r\u00e9alise des <strong>protections axillaires absorbantes \u00e0 usage unique<\/strong> confortables et pratiques, qui permettent de prot\u00e9ger les v\u00eatements de la sueur axillaire.<\/p>\n<p>Les protections axillaires s\u2019appliquent tr\u00e8s facilement, elles sont invisibles au-dessous des v\u00eatements et peuvent \u00eatre utilis\u00e9es <strong>soit que par les femmes soit que par les hommes<\/strong>.<strong><br \/>\n<\/strong><\/p>\n<p>Elles \u00e9vitent la formation d\u2019inesth\u00e9tiques taches sur les tissus, elles pr\u00e9viennent leur d\u00e9t\u00e9rioration et limitent leur lavage.<\/p>\n<p>En plus, les protections r\u00e9duisent la formation des odeurs gr\u00e2ce au traitement antibact\u00e9rien <strong>Odour Control<\/strong>.<\/p>\n<p>Nos protecteurs axillaires sont r\u00e9alis\u00e9es avec plusieurs couches de mat\u00e9riel coupl\u00e9es sans l\u2019usage d\u2019agents chimiques. Le tissu non tiss\u00e9, l\u2019ouate et les fibres d\u2019origine naturelle et anallergiques sont trait\u00e9s avec un feuil imperm\u00e9able atoxique, et ils ont des collants sp\u00e9cifiques pour la fixation aux v\u00eatements. Nous r\u00e9alisons sur demande des protections super-absorbantes.<\/p>\n<p>Elles sont disponibles dans plusieurs formes (personnalisables) et dans trois couleurs: <strong>blanc<\/strong>, <strong>noir<\/strong> et <strong>beige<\/strong>.<\/p>\n<p style=\"text-align: center;\"><img loading=\"lazy\" decoding=\"async\" class=\"size-full wp-image-47 aligncenter\" style=\"width: 100%; max-width: 922px;\" src=\"\/wp-content\/uploads\/2013\/11\/assorbenti2.jpg\" alt=\"assorbenti2\" width=\"922\" height=\"278\" srcset=\"https:\/\/www.ciellecavalli.it\/wp-content\/uploads\/2013\/11\/assorbenti2.jpg 922w, https:\/\/www.ciellecavalli.it\/wp-content\/uploads\/2013\/11\/assorbenti2-300x90.jpg 300w\" sizes=\"auto, (max-width: 922px) 100vw, 922px\" \/><\/p>\n<p>L\u2019approvisionnement direct de mat\u00e9riels exclusifs, italiens et d\u2019haute qualit\u00e9, nous permet de livrer \u00e0 nos clients les produits d\u00e9j\u00e0 empaquet\u00e9s et pr\u00eats pour leur distribution, avec le label <strong>Dry Day<\/strong> ou avec celui du client.<\/p>\n\n\t\t<style type=\"text\/css\">\n\t\t\t#gallery-1 {\n\t\t\t\tmargin: auto;\n\t\t\t}\n\t\t\t#gallery-1 .gallery-item {\n\t\t\t\tfloat: left;\n\t\t\t\tmargin-top: 10px;\n\t\t\t\ttext-align: center;\n\t\t\t\twidth: 25%;\n\t\t\t}\n\t\t\t#gallery-1 img {\n\t\t\t\tborder: 2px solid #cfcfcf;\n\t\t\t}\n\t\t\t#gallery-1 .gallery-caption {\n\t\t\t\tmargin-left: 0;\n\t\t\t}\n\t\t\t\/* see gallery_shortcode() in wp-includes\/media.php *\/\n\t\t<\/style>\n\t\t<div id='gallery-1' class='gallery galleryid-215 gallery-columns-4 gallery-size-thumbnail'><dl class='gallery-item'>\n\t\t\t<dt class='gallery-icon landscape'>\n\t\t\t\t<a rel=\"prettyPhoto[gallery]\" href='https:\/\/www.ciellecavalli.it\/wp-content\/uploads\/2013\/11\/prodottobianco800x600.jpg'><img loading=\"lazy\" decoding=\"async\" width=\"150\" height=\"150\" src=\"https:\/\/www.ciellecavalli.it\/wp-content\/uploads\/2013\/11\/prodottobianco800x600-150x150.jpg\" class=\"attachment-thumbnail size-thumbnail\" alt=\"\" \/><\/a>\n\t\t\t<\/dt><\/dl><dl class='gallery-item'>\n\t\t\t<dt class='gallery-icon landscape'>\n\t\t\t\t<a rel=\"prettyPhoto[gallery]\" href='https:\/\/www.ciellecavalli.it\/wp-content\/uploads\/2013\/11\/Treprodottiassieme800x600.jpg'><img loading=\"lazy\" decoding=\"async\" width=\"150\" height=\"150\" src=\"https:\/\/www.ciellecavalli.it\/wp-content\/uploads\/2013\/11\/Treprodottiassieme800x600-150x150.jpg\" class=\"attachment-thumbnail size-thumbnail\" alt=\"\" \/><\/a>\n\t\t\t<\/dt><\/dl><dl class='gallery-item'>\n\t\t\t<dt class='gallery-icon landscape'>\n\t\t\t\t<a rel=\"prettyPhoto[gallery]\" href='https:\/\/www.ciellecavalli.it\/wp-content\/uploads\/2013\/11\/applicazione1.jpg'><img loading=\"lazy\" decoding=\"async\" width=\"150\" height=\"150\" src=\"https:\/\/www.ciellecavalli.it\/wp-content\/uploads\/2013\/11\/applicazione1-150x150.jpg\" class=\"attachment-thumbnail size-thumbnail\" alt=\"\" \/><\/a>\n\t\t\t<\/dt><\/dl><dl class='gallery-item'>\n\t\t\t<dt class='gallery-icon portrait'>\n\t\t\t\t<a rel=\"prettyPhoto[gallery]\" href='https:\/\/www.ciellecavalli.it\/wp-content\/uploads\/2013\/11\/applicazione2.jpg'><img loading=\"lazy\" decoding=\"async\" width=\"150\" height=\"150\" src=\"https:\/\/www.ciellecavalli.it\/wp-content\/uploads\/2013\/11\/applicazione2-150x150.jpg\" class=\"attachment-thumbnail size-thumbnail\" alt=\"\" \/><\/a>\n\t\t\t<\/dt><\/dl><br style=\"clear: both\" \/>\n\t\t<\/div>\n\n","protected":false},"excerpt":{"rendered":"<p>La soci\u00e9t\u00e9 Cielle r\u00e9alise des protections axillaires absorbantes \u00e0 usage unique confortables et pratiques, qui permettent de prot\u00e9ger les v\u00eatements de la sueur axillaire. Les protections axillaires s\u2019appliquent tr\u00e8s facilement, elles sont invisibles au-dessous des v\u00eatements et peuvent \u00eatre utilis\u00e9es soit que par les femmes soit que par les hommes. Elles \u00e9vitent la formation d\u2019inesth\u00e9tiques [&hellip;]<\/p>\n","protected":false},"author":1,"featured_media":0,"parent":0,"menu_order":0,"comment_status":"closed","ping_status":"open","template":"","meta":{"footnotes":""},"class_list":["post-215","page","type-page","status-publish","hentry"],"_links":{"self":[{"href":"https:\/\/www.ciellecavalli.it\/fr\/wp-json\/wp\/v2\/pages\/215","targetHints":{"allow":["GET"]}}],"collection":[{"href":"https:\/\/www.ciellecavalli.it\/fr\/wp-json\/wp\/v2\/pages"}],"about":[{"href":"https:\/\/www.ciellecavalli.it\/fr\/wp-json\/wp\/v2\/types\/page"}],"author":[{"embeddable":true,"href":"https:\/\/www.ciellecavalli.it\/fr\/wp-json\/wp\/v2\/users\/1"}],"replies":[{"embeddable":true,"href":"https:\/\/www.ciellecavalli.it\/fr\/wp-json\/wp\/v2\/comments?post=215"}],"version-history":[{"count":3,"href":"https:\/\/www.ciellecavalli.it\/fr\/wp-json\/wp\/v2\/pages\/215\/revisions"}],"predecessor-version":[{"id":291,"href":"https:\/\/www.ciellecavalli.it\/fr\/wp-json\/wp\/v2\/pages\/215\/revisions\/291"}],"wp:attachment":[{"href":"https:\/\/www.ciellecavalli.it\/fr\/wp-json\/wp\/v2\/media?parent=215"}],"curies":[{"name":"wp","href":"https:\/\/api.w.org\/{rel}","templated":true}]}}