{"id":210,"date":"2014-01-16T15:40:22","date_gmt":"2014-01-16T14:40:22","guid":{"rendered":"http:\/\/www.ciellecavalli.it\/?page_id=210"},"modified":"2014-01-16T15:41:47","modified_gmt":"2014-01-16T14:41:47","slug":"notre-histoire","status":"publish","type":"page","link":"https:\/\/www.ciellecavalli.it\/fr\/notre-societe\/notre-histoire\/","title":{"rendered":"Plus de 30 ans d\u2019exp\u00e9rience"},"content":{"rendered":"<p style=\"text-align: justify;\"><img loading=\"lazy\" decoding=\"async\" class=\"alignright size-medium wp-image-21\" alt=\"foto-azienda-storia\" src=\"\/wp-content\/uploads\/2013\/11\/foto-azienda-storica3-204x300.jpg\" width=\"204\" height=\"300\" srcset=\"https:\/\/www.ciellecavalli.it\/wp-content\/uploads\/2013\/11\/foto-azienda-storica3-204x300.jpg 204w, https:\/\/www.ciellecavalli.it\/wp-content\/uploads\/2013\/11\/foto-azienda-storica3.jpg 545w\" sizes=\"auto, (max-width: 204px) 100vw, 204px\" \/>La soci\u00e9t\u00e9 <strong>Cielle<\/strong> [&lsquo;t\u0283i\u025blle] a \u00e9t\u00e9 cr\u00e9e en <strong>1981<\/strong> pour r\u00e9aliser le brevet <strong>des protections axillaires \u00e0 usage unique<\/strong>, que Madame <strong>Maria Lughignani avait id\u00e9e et d\u00e9pos\u00e9 \u00e0 la fin des ann\u00e9es \u201970<\/strong>.<strong><br \/>\n<\/strong><\/p>\n<p style=\"text-align: justify;\">Madame Maria et son mari <strong>Paolo Cavalli<\/strong> ont cherch\u00e9 et choisi personnellement tous les meilleurs mat\u00e9riaux, et ils se sont aussi occup\u00e9s des prototypes des machines n\u00e9cessaires \u00e0 la production d\u2019un produit innovant pour l\u2019\u00e9poque. M\u00eame si le march\u00e9 de ces produits commen\u00e7ait \u00e0 s\u2019agrandir, il y avait seulement des protections en tissu \u00e0 coudre sur les v\u00eatements, et donc plut\u00f4t inconfortables.<\/p>\n<p style=\"text-align: justify;\">Bien qu\u2019ils avaient des ressources limit\u00e9es, ils sont r\u00e9ussis \u00e0 r\u00e9aliser leur produit avec le <strong>label<\/strong> <strong><em>SAVE DRESS<\/em><\/strong>.<\/p>\n<p style=\"text-align: justify;\"><img loading=\"lazy\" decoding=\"async\" class=\"size-medium wp-image-22 alignleft\" alt=\"foto-azienda-storica2\" src=\"\/wp-content\/uploads\/2013\/11\/foto-azienda-storica2-300x216.jpg\" width=\"300\" height=\"216\" srcset=\"https:\/\/www.ciellecavalli.it\/wp-content\/uploads\/2013\/11\/foto-azienda-storica2-300x216.jpg 300w, https:\/\/www.ciellecavalli.it\/wp-content\/uploads\/2013\/11\/foto-azienda-storica2.jpg 800w\" sizes=\"auto, (max-width: 300px) 100vw, 300px\" \/>La production commen\u00e7a gr\u00e2ce \u00e0 leurs fils et \u00e0 la collaboration des clients, qui distribuaient les produits dans les pharmacies et les merceries. Soutenu par une entreprise d\u00e9j\u00e0 c\u00e9l\u00e8bre dans ce secteur, dans les ann\u00e9es suivantes ce produit est entr\u00e9 dans tous les r\u00e9seaux de distribution.<\/p>\n<p style=\"text-align: justify;\"><strong><\/strong>Depuis 1999 <strong>Grazia Cavalli<\/strong>, fille des fondateurs, et son mari <strong>Renato Invernici<\/strong> poursuivent l\u2019activit\u00e9 familiale, en s\u2019occupant de <strong>son d\u00e9veloppement technologique<\/strong>.<\/p>\n","protected":false},"excerpt":{"rendered":"<p>La soci\u00e9t\u00e9 Cielle [&lsquo;t\u0283i\u025blle] a \u00e9t\u00e9 cr\u00e9e en 1981 pour r\u00e9aliser le brevet des protections axillaires \u00e0 usage unique, que Madame Maria Lughignani avait id\u00e9e et d\u00e9pos\u00e9 \u00e0 la fin des ann\u00e9es \u201970. Madame Maria et son mari Paolo Cavalli ont cherch\u00e9 et choisi personnellement tous les meilleurs mat\u00e9riaux, et ils se sont aussi occup\u00e9s [&hellip;]<\/p>\n","protected":false},"author":1,"featured_media":0,"parent":207,"menu_order":0,"comment_status":"closed","ping_status":"open","template":"","meta":{"footnotes":""},"class_list":["post-210","page","type-page","status-publish","hentry"],"_links":{"self":[{"href":"https:\/\/www.ciellecavalli.it\/fr\/wp-json\/wp\/v2\/pages\/210","targetHints":{"allow":["GET"]}}],"collection":[{"href":"https:\/\/www.ciellecavalli.it\/fr\/wp-json\/wp\/v2\/pages"}],"about":[{"href":"https:\/\/www.ciellecavalli.it\/fr\/wp-json\/wp\/v2\/types\/page"}],"author":[{"embeddable":true,"href":"https:\/\/www.ciellecavalli.it\/fr\/wp-json\/wp\/v2\/users\/1"}],"replies":[{"embeddable":true,"href":"https:\/\/www.ciellecavalli.it\/fr\/wp-json\/wp\/v2\/comments?post=210"}],"version-history":[{"count":3,"href":"https:\/\/www.ciellecavalli.it\/fr\/wp-json\/wp\/v2\/pages\/210\/revisions"}],"predecessor-version":[{"id":213,"href":"https:\/\/www.ciellecavalli.it\/fr\/wp-json\/wp\/v2\/pages\/210\/revisions\/213"}],"up":[{"embeddable":true,"href":"https:\/\/www.ciellecavalli.it\/fr\/wp-json\/wp\/v2\/pages\/207"}],"wp:attachment":[{"href":"https:\/\/www.ciellecavalli.it\/fr\/wp-json\/wp\/v2\/media?parent=210"}],"curies":[{"name":"wp","href":"https:\/\/api.w.org\/{rel}","templated":true}]}}