{"id":207,"date":"2014-01-16T15:30:08","date_gmt":"2014-01-16T14:30:08","guid":{"rendered":"http:\/\/www.ciellecavalli.it\/?page_id=207"},"modified":"2014-01-16T15:30:42","modified_gmt":"2014-01-16T14:30:42","slug":"notre-societe","status":"publish","type":"page","link":"https:\/\/www.ciellecavalli.it\/fr\/notre-societe\/","title":{"rendered":"Notre soci\u00e9t\u00e9"},"content":{"rendered":"<p style=\"text-align: justify;\">La soci\u00e9t\u00e9 <strong>Cielle de Grazia Cavalli<\/strong> est une entreprise familiale n\u00e9e en 1981 et sp\u00e9cialis\u00e9e dans la production de <strong>protections axillaires absorbantes \u00e0 usage unique<\/strong> depuis 30 ans.<\/p>\n<p style=\"text-align: justify;\"><img loading=\"lazy\" decoding=\"async\" class=\"size-medium wp-image-13 alignright shadow\" alt=\"foto-azienda4\" src=\"\/wp-content\/uploads\/2013\/11\/foto-azienda4-300x225.jpg\" width=\"300\" height=\"225\" srcset=\"https:\/\/www.ciellecavalli.it\/wp-content\/uploads\/2013\/11\/foto-azienda4-300x225.jpg 300w, https:\/\/www.ciellecavalli.it\/wp-content\/uploads\/2013\/11\/foto-azienda4.jpg 800w\" sizes=\"auto, (max-width: 300px) 100vw, 300px\" \/><strong>Nous travaillons avec les plus importantes entreprises de ce secteur<\/strong> et pour tout r\u00e9seau de distribution: supermarch\u00e9s, merceries, pharmacies, catalogues et ventes on-line.<\/p>\n<p style=\"text-align: justify;\"><img loading=\"lazy\" decoding=\"async\" class=\"size-medium wp-image-11 alignleft shadow\" alt=\"foto-azienda2\" src=\"\/wp-content\/uploads\/2013\/11\/foto-azienda2-234x300.jpg\" width=\"234\" height=\"300\" srcset=\"https:\/\/www.ciellecavalli.it\/wp-content\/uploads\/2013\/11\/foto-azienda2-234x300.jpg 234w, https:\/\/www.ciellecavalli.it\/wp-content\/uploads\/2013\/11\/foto-azienda2.jpg 624w\" sizes=\"auto, (max-width: 234px) 100vw, 234px\" \/>M\u00eame si notre \u00e9tablissement a des dimensions artisanales, nous avons un pouvoir de production important, qui nous permet de r\u00e9pondre aux exigences du march\u00e9 italien et \u00e0 celles de certains pays \u00e9trangers.<\/p>\n<p>Nos points cl\u00e9s sont <strong>notre exp\u00e9rience, notre qualit\u00e9, notre fiabilit\u00e9 et l\u2019attention que d\u00e9dions <\/strong><strong>\u00e0 nos clients<\/strong>.<\/p>\n<p style=\"text-align: justify;\">Aujourd\u2019hui notre soci\u00e9t\u00e9 veut s\u2019ouvrir aux march\u00e9s \u00e9trangers et chercher de nouveaux clients, en leur proposant des <strong>produits garantis<\/strong>.<\/p>\n<p style=\"text-align: justify;\">\n","protected":false},"excerpt":{"rendered":"<p>La soci\u00e9t\u00e9 Cielle de Grazia Cavalli est une entreprise familiale n\u00e9e en 1981 et sp\u00e9cialis\u00e9e dans la production de protections axillaires absorbantes \u00e0 usage unique depuis 30 ans. Nous travaillons avec les plus importantes entreprises de ce secteur et pour tout r\u00e9seau de distribution: supermarch\u00e9s, merceries, pharmacies, catalogues et ventes on-line. M\u00eame si notre \u00e9tablissement [&hellip;]<\/p>\n","protected":false},"author":1,"featured_media":0,"parent":0,"menu_order":0,"comment_status":"closed","ping_status":"open","template":"","meta":{"footnotes":""},"class_list":["post-207","page","type-page","status-publish","hentry"],"_links":{"self":[{"href":"https:\/\/www.ciellecavalli.it\/fr\/wp-json\/wp\/v2\/pages\/207","targetHints":{"allow":["GET"]}}],"collection":[{"href":"https:\/\/www.ciellecavalli.it\/fr\/wp-json\/wp\/v2\/pages"}],"about":[{"href":"https:\/\/www.ciellecavalli.it\/fr\/wp-json\/wp\/v2\/types\/page"}],"author":[{"embeddable":true,"href":"https:\/\/www.ciellecavalli.it\/fr\/wp-json\/wp\/v2\/users\/1"}],"replies":[{"embeddable":true,"href":"https:\/\/www.ciellecavalli.it\/fr\/wp-json\/wp\/v2\/comments?post=207"}],"version-history":[{"count":2,"href":"https:\/\/www.ciellecavalli.it\/fr\/wp-json\/wp\/v2\/pages\/207\/revisions"}],"predecessor-version":[{"id":209,"href":"https:\/\/www.ciellecavalli.it\/fr\/wp-json\/wp\/v2\/pages\/207\/revisions\/209"}],"wp:attachment":[{"href":"https:\/\/www.ciellecavalli.it\/fr\/wp-json\/wp\/v2\/media?parent=207"}],"curies":[{"name":"wp","href":"https:\/\/api.w.org\/{rel}","templated":true}]}}