{"id":177,"date":"2014-01-14T18:15:19","date_gmt":"2014-01-14T17:15:19","guid":{"rendered":"http:\/\/www.ciellecavalli.it\/?page_id=177"},"modified":"2015-04-29T10:54:54","modified_gmt":"2015-04-29T08:54:54","slug":"nuestros-productos","status":"publish","type":"page","link":"https:\/\/www.ciellecavalli.it\/es\/nuestros-productos\/","title":{"rendered":"Los protectores axilares"},"content":{"rendered":"<p><img loading=\"lazy\" decoding=\"async\" class=\"alignright  wp-image-48\" style=\"width: 65%; max-width: 649px;\" src=\"\/wp-content\/uploads\/2013\/11\/assorbenti1.jpg\" alt=\"assorbenti1\" width=\"649\" height=\"374\" srcset=\"https:\/\/www.ciellecavalli.it\/wp-content\/uploads\/2013\/11\/assorbenti1.jpg 649w, https:\/\/www.ciellecavalli.it\/wp-content\/uploads\/2013\/11\/assorbenti1-300x172.jpg 300w\" sizes=\"auto, (max-width: 649px) 100vw, 649px\" \/>La empresa Cielle realiza <strong>protectores axilares desechables<\/strong> c\u00f3modos y pr\u00e1cticos, para proteger las prendas del sudor axilar.<\/p>\n<p>Los protectores se aplican muy facilmente, no se ven cuando est\u00e1n debajo de la ropa y son perfectos <strong>tanto para las mujeres que para los hombres.<br \/>\n<\/strong><\/p>\n<p>Impiden la formaci\u00f3n de antiest\u00e9ticas huellas en los tejidos y previenen el desgaste de la ropa limitando los lavados.<\/p>\n<p>Adem\u00e1s, el tratamiento antibacteriano <strong>Odour Control<\/strong> reduce la formaci\u00f3n de olores.<\/p>\n<p>Todos los protectores est\u00e1n echos con diferentes capas de materiales juntados <strong>sin agentes qu\u00edmicos<\/strong>: tratamos el suave tejido no tejido, la guata y las fibras naturales y anal\u00e9rgicas con una <strong>pel\u00edcula impermeable at\u00f3xica<\/strong>, y unos especiales <strong>adhesivos<\/strong> los fijan encima de la ropa. Si necesario y previa solicitud, podemos realizarlos tambi\u00e9n con material superabsorbente.<\/p>\n<p>Los protectores est\u00e1n disponibles en diferentes formas (personalizables) y en tres colores: <strong>blanco, negro<\/strong> y <strong>neutro<\/strong>.<\/p>\n<p style=\"text-align: center;\"><img loading=\"lazy\" decoding=\"async\" class=\"size-full wp-image-47 aligncenter\" style=\"width: 100%; max-width: 922px;\" src=\"\/wp-content\/uploads\/2013\/11\/assorbenti2.jpg\" alt=\"assorbenti2\" width=\"922\" height=\"278\" srcset=\"https:\/\/www.ciellecavalli.it\/wp-content\/uploads\/2013\/11\/assorbenti2.jpg 922w, https:\/\/www.ciellecavalli.it\/wp-content\/uploads\/2013\/11\/assorbenti2-300x90.jpg 300w\" sizes=\"auto, (max-width: 922px) 100vw, 922px\" \/><\/p>\n<p>Gracias al suministro directo de materias primas exclusivas, italianas y de alta calidad, garantizamos la distribuci\u00f3n del producto ya embalado, con la marca <strong>Dry Day<\/strong> o con la del cliente.<\/p>\n\n\t\t<style type=\"text\/css\">\n\t\t\t#gallery-1 {\n\t\t\t\tmargin: auto;\n\t\t\t}\n\t\t\t#gallery-1 .gallery-item {\n\t\t\t\tfloat: left;\n\t\t\t\tmargin-top: 10px;\n\t\t\t\ttext-align: center;\n\t\t\t\twidth: 25%;\n\t\t\t}\n\t\t\t#gallery-1 img {\n\t\t\t\tborder: 2px solid #cfcfcf;\n\t\t\t}\n\t\t\t#gallery-1 .gallery-caption {\n\t\t\t\tmargin-left: 0;\n\t\t\t}\n\t\t\t\/* see gallery_shortcode() in wp-includes\/media.php *\/\n\t\t<\/style>\n\t\t<div id='gallery-1' class='gallery galleryid-177 gallery-columns-4 gallery-size-thumbnail'><dl class='gallery-item'>\n\t\t\t<dt class='gallery-icon landscape'>\n\t\t\t\t<a rel=\"prettyPhoto[gallery]\" href='https:\/\/www.ciellecavalli.it\/wp-content\/uploads\/2013\/11\/prodottobianco800x600.jpg'><img loading=\"lazy\" decoding=\"async\" width=\"150\" height=\"150\" src=\"https:\/\/www.ciellecavalli.it\/wp-content\/uploads\/2013\/11\/prodottobianco800x600-150x150.jpg\" class=\"attachment-thumbnail size-thumbnail\" alt=\"\" \/><\/a>\n\t\t\t<\/dt><\/dl><dl class='gallery-item'>\n\t\t\t<dt class='gallery-icon landscape'>\n\t\t\t\t<a rel=\"prettyPhoto[gallery]\" href='https:\/\/www.ciellecavalli.it\/wp-content\/uploads\/2013\/11\/Treprodottiassieme800x600.jpg'><img loading=\"lazy\" decoding=\"async\" width=\"150\" height=\"150\" src=\"https:\/\/www.ciellecavalli.it\/wp-content\/uploads\/2013\/11\/Treprodottiassieme800x600-150x150.jpg\" class=\"attachment-thumbnail size-thumbnail\" alt=\"\" \/><\/a>\n\t\t\t<\/dt><\/dl><dl class='gallery-item'>\n\t\t\t<dt class='gallery-icon landscape'>\n\t\t\t\t<a rel=\"prettyPhoto[gallery]\" href='https:\/\/www.ciellecavalli.it\/wp-content\/uploads\/2013\/11\/applicazione1.jpg'><img loading=\"lazy\" decoding=\"async\" width=\"150\" height=\"150\" src=\"https:\/\/www.ciellecavalli.it\/wp-content\/uploads\/2013\/11\/applicazione1-150x150.jpg\" class=\"attachment-thumbnail size-thumbnail\" alt=\"\" \/><\/a>\n\t\t\t<\/dt><\/dl><dl class='gallery-item'>\n\t\t\t<dt class='gallery-icon portrait'>\n\t\t\t\t<a rel=\"prettyPhoto[gallery]\" href='https:\/\/www.ciellecavalli.it\/wp-content\/uploads\/2013\/11\/applicazione2.jpg'><img loading=\"lazy\" decoding=\"async\" width=\"150\" height=\"150\" src=\"https:\/\/www.ciellecavalli.it\/wp-content\/uploads\/2013\/11\/applicazione2-150x150.jpg\" class=\"attachment-thumbnail size-thumbnail\" alt=\"\" \/><\/a>\n\t\t\t<\/dt><\/dl><br style=\"clear: both\" \/>\n\t\t<\/div>\n\n","protected":false},"excerpt":{"rendered":"<p>La empresa Cielle realiza protectores axilares desechables c\u00f3modos y pr\u00e1cticos, para proteger las prendas del sudor axilar. Los protectores se aplican muy facilmente, no se ven cuando est\u00e1n debajo de la ropa y son perfectos tanto para las mujeres que para los hombres. Impiden la formaci\u00f3n de antiest\u00e9ticas huellas en los tejidos y previenen el [&hellip;]<\/p>\n","protected":false},"author":1,"featured_media":0,"parent":0,"menu_order":0,"comment_status":"closed","ping_status":"open","template":"","meta":{"footnotes":""},"class_list":["post-177","page","type-page","status-publish","hentry"],"_links":{"self":[{"href":"https:\/\/www.ciellecavalli.it\/es\/wp-json\/wp\/v2\/pages\/177","targetHints":{"allow":["GET"]}}],"collection":[{"href":"https:\/\/www.ciellecavalli.it\/es\/wp-json\/wp\/v2\/pages"}],"about":[{"href":"https:\/\/www.ciellecavalli.it\/es\/wp-json\/wp\/v2\/types\/page"}],"author":[{"embeddable":true,"href":"https:\/\/www.ciellecavalli.it\/es\/wp-json\/wp\/v2\/users\/1"}],"replies":[{"embeddable":true,"href":"https:\/\/www.ciellecavalli.it\/es\/wp-json\/wp\/v2\/comments?post=177"}],"version-history":[{"count":5,"href":"https:\/\/www.ciellecavalli.it\/es\/wp-json\/wp\/v2\/pages\/177\/revisions"}],"predecessor-version":[{"id":292,"href":"https:\/\/www.ciellecavalli.it\/es\/wp-json\/wp\/v2\/pages\/177\/revisions\/292"}],"wp:attachment":[{"href":"https:\/\/www.ciellecavalli.it\/es\/wp-json\/wp\/v2\/media?parent=177"}],"curies":[{"name":"wp","href":"https:\/\/api.w.org\/{rel}","templated":true}]}}