{"id":175,"date":"2014-01-14T18:08:16","date_gmt":"2014-01-14T17:08:16","guid":{"rendered":"http:\/\/www.ciellecavalli.it\/?page_id=175"},"modified":"2014-01-20T09:41:54","modified_gmt":"2014-01-20T08:41:54","slug":"nuestra-historia","status":"publish","type":"page","link":"https:\/\/www.ciellecavalli.it\/es\/nuestra-empresa\/nuestra-historia\/","title":{"rendered":"M\u00e1s de 30 a\u00f1os de experiencia"},"content":{"rendered":"<p style=\"text-align: justify;\"><img loading=\"lazy\" decoding=\"async\" class=\"alignright size-medium wp-image-21\" alt=\"foto-azienda-storia\" src=\"\/wp-content\/uploads\/2013\/11\/foto-azienda-storica3-204x300.jpg\" width=\"204\" height=\"300\" srcset=\"https:\/\/www.ciellecavalli.it\/wp-content\/uploads\/2013\/11\/foto-azienda-storica3-204x300.jpg 204w, https:\/\/www.ciellecavalli.it\/wp-content\/uploads\/2013\/11\/foto-azienda-storica3.jpg 545w\" sizes=\"auto, (max-width: 204px) 100vw, 204px\" \/>La empresa <strong>Cielle<\/strong> ha sido fundada en <strong>1981<\/strong> para patentar los <strong>protectores axilares desechables<\/strong> que <strong>la se\u00f1ora Maria Lughignani hab\u00eda inventado y depositado al final de los a\u00f1os \u201970<\/strong>.<\/p>\n<p style=\"text-align: justify;\">Junto a su marido<strong> Paolo Cavalli<\/strong> se dedicaron a la dif\u00edcil busqueda de los materiales apropriados y a los prototipos de las maquinas, necesarios a la producci\u00f3n de estos productos innovadores. En aquellos a\u00f1os el uso ese tipo de producto ya empezaba a crecer, pero s\u00f3lo exist\u00edan protectores en tejido que se ten\u00edan que coser a la ropa, por tanto muy inc\u00f3modos.<\/p>\n<p style=\"text-align: justify;\">A pesar de los recursos limitados, Do\u00f1a Maria y su marido lograron realizar este producto con <strong>la<\/strong> <strong>marca <em>SAVE DRESS<\/em><\/strong>.<\/p>\n<p><img loading=\"lazy\" decoding=\"async\" class=\"size-medium wp-image-22 alignleft\" alt=\"foto-azienda-storica2\" src=\"\/wp-content\/uploads\/2013\/11\/foto-azienda-storica2-300x216.jpg\" width=\"300\" height=\"216\" srcset=\"https:\/\/www.ciellecavalli.it\/wp-content\/uploads\/2013\/11\/foto-azienda-storica2-300x216.jpg 300w, https:\/\/www.ciellecavalli.it\/wp-content\/uploads\/2013\/11\/foto-azienda-storica2.jpg 800w\" sizes=\"auto, (max-width: 300px) 100vw, 300px\" \/><\/p>\n<p style=\"text-align: justify;\">La producci\u00f3n empez\u00f3 gracias a sus hijos y a la colaboraci\u00f3n de los clientes, que distribu\u00edan los productos en las farmacias y en las mercer\u00edas. En los a\u00f1os siguentes, gracias a una empresa muy conocida en este sector, el producto ha sido difundido tambi\u00e9n en todos los puntos de venta.<\/p>\n<p style=\"text-align: justify;\">Hoy en d\u00eda <strong>el desarrollo tecnol\u00f3gico de investigaci\u00f3n y producci\u00f3n<\/strong> ha sido confiado a <strong>Grazia Cavalli<\/strong>, hija de los fundadores, que desde 1999 lleva adelante la empresa junto a su marido <strong>Renato Invernici<\/strong>.<\/p>\n<p>.<\/p>\n","protected":false},"excerpt":{"rendered":"<p>La empresa Cielle ha sido fundada en 1981 para patentar los protectores axilares desechables que la se\u00f1ora Maria Lughignani hab\u00eda inventado y depositado al final de los a\u00f1os \u201970. Junto a su marido Paolo Cavalli se dedicaron a la dif\u00edcil busqueda de los materiales apropriados y a los prototipos de las maquinas, necesarios a la [&hellip;]<\/p>\n","protected":false},"author":1,"featured_media":0,"parent":171,"menu_order":0,"comment_status":"closed","ping_status":"open","template":"","meta":{"footnotes":""},"class_list":["post-175","page","type-page","status-publish","hentry"],"_links":{"self":[{"href":"https:\/\/www.ciellecavalli.it\/es\/wp-json\/wp\/v2\/pages\/175","targetHints":{"allow":["GET"]}}],"collection":[{"href":"https:\/\/www.ciellecavalli.it\/es\/wp-json\/wp\/v2\/pages"}],"about":[{"href":"https:\/\/www.ciellecavalli.it\/es\/wp-json\/wp\/v2\/types\/page"}],"author":[{"embeddable":true,"href":"https:\/\/www.ciellecavalli.it\/es\/wp-json\/wp\/v2\/users\/1"}],"replies":[{"embeddable":true,"href":"https:\/\/www.ciellecavalli.it\/es\/wp-json\/wp\/v2\/comments?post=175"}],"version-history":[{"count":5,"href":"https:\/\/www.ciellecavalli.it\/es\/wp-json\/wp\/v2\/pages\/175\/revisions"}],"predecessor-version":[{"id":243,"href":"https:\/\/www.ciellecavalli.it\/es\/wp-json\/wp\/v2\/pages\/175\/revisions\/243"}],"up":[{"embeddable":true,"href":"https:\/\/www.ciellecavalli.it\/es\/wp-json\/wp\/v2\/pages\/171"}],"wp:attachment":[{"href":"https:\/\/www.ciellecavalli.it\/es\/wp-json\/wp\/v2\/media?parent=175"}],"curies":[{"name":"wp","href":"https:\/\/api.w.org\/{rel}","templated":true}]}}