{"id":171,"date":"2014-01-14T17:57:46","date_gmt":"2014-01-14T16:57:46","guid":{"rendered":"http:\/\/www.ciellecavalli.it\/?page_id=171"},"modified":"2014-01-20T09:35:07","modified_gmt":"2014-01-20T08:35:07","slug":"nuestra-empresa","status":"publish","type":"page","link":"https:\/\/www.ciellecavalli.it\/es\/nuestra-empresa\/","title":{"rendered":"Nuestra empresa"},"content":{"rendered":"<p>La empresa <strong>Cielle de Grazia Cavalli<\/strong> est\u00e1 especializada en la producci\u00f3n de <strong>protectores axilares desechables<\/strong>. Con sus 30 a\u00f1os de experiencia esta empresa familiar, fundada en 1981, es l\u00edder en este sector desde hace a\u00f1os.<\/p>\n<p style=\"text-align: justify;\"><img loading=\"lazy\" decoding=\"async\" class=\"size-medium wp-image-13 alignright shadow\" alt=\"foto-azienda4\" src=\"\/wp-content\/uploads\/2013\/11\/foto-azienda4-300x225.jpg\" width=\"300\" height=\"225\" srcset=\"https:\/\/www.ciellecavalli.it\/wp-content\/uploads\/2013\/11\/foto-azienda4-300x225.jpg 300w, https:\/\/www.ciellecavalli.it\/wp-content\/uploads\/2013\/11\/foto-azienda4.jpg 800w\" sizes=\"auto, (max-width: 300px) 100vw, 300px\" \/><strong>Trabajamos con las empresas m\u00e1s importantes y conocidas de este sector<\/strong> y por todas las redes de distribuci\u00f3n: supermercados, mercer\u00edas, farmacias, cat\u00e1logos y ventas on-line.<\/p>\n<p style=\"text-align: justify;\"><img loading=\"lazy\" decoding=\"async\" class=\"size-medium wp-image-11 alignleft shadow\" alt=\"foto-azienda2\" src=\"\/wp-content\/uploads\/2013\/11\/foto-azienda2-234x300.jpg\" width=\"234\" height=\"300\" srcset=\"https:\/\/www.ciellecavalli.it\/wp-content\/uploads\/2013\/11\/foto-azienda2-234x300.jpg 234w, https:\/\/www.ciellecavalli.it\/wp-content\/uploads\/2013\/11\/foto-azienda2.jpg 624w\" sizes=\"auto, (max-width: 234px) 100vw, 234px\" \/>Aunque nuestra estructura tenga dimensiones artesanales, tenemos un considerable poder productivo, que nos permite de satisfacher completamente las necesidades del mercado italiano y del mercado de algunos paises extranjeros.<\/p>\n<p style=\"text-align: justify;\"><strong>Experiencia, calidad, fiabilidad y cuidado del cliente<\/strong> son nuestros puntos de fuerza.<\/p>\n<p style=\"text-align: justify;\">Hoy nuestra empresa quiere abrirse a\u00fan m\u00e1s hacia los mercados extranjeros, para proponer y ofrecer a nuevos clientes unos <strong>productos de calidad<\/strong> que aumentar\u00e1n el valor de sus empresas.<\/p>\n<p style=\"text-align: justify;\">\n","protected":false},"excerpt":{"rendered":"<p>La empresa Cielle de Grazia Cavalli est\u00e1 especializada en la producci\u00f3n de protectores axilares desechables. Con sus 30 a\u00f1os de experiencia esta empresa familiar, fundada en 1981, es l\u00edder en este sector desde hace a\u00f1os. Trabajamos con las empresas m\u00e1s importantes y conocidas de este sector y por todas las redes de distribuci\u00f3n: supermercados, mercer\u00edas, [&hellip;]<\/p>\n","protected":false},"author":1,"featured_media":0,"parent":0,"menu_order":0,"comment_status":"closed","ping_status":"open","template":"","meta":{"footnotes":""},"class_list":["post-171","page","type-page","status-publish","hentry"],"_links":{"self":[{"href":"https:\/\/www.ciellecavalli.it\/es\/wp-json\/wp\/v2\/pages\/171","targetHints":{"allow":["GET"]}}],"collection":[{"href":"https:\/\/www.ciellecavalli.it\/es\/wp-json\/wp\/v2\/pages"}],"about":[{"href":"https:\/\/www.ciellecavalli.it\/es\/wp-json\/wp\/v2\/types\/page"}],"author":[{"embeddable":true,"href":"https:\/\/www.ciellecavalli.it\/es\/wp-json\/wp\/v2\/users\/1"}],"replies":[{"embeddable":true,"href":"https:\/\/www.ciellecavalli.it\/es\/wp-json\/wp\/v2\/comments?post=171"}],"version-history":[{"count":3,"href":"https:\/\/www.ciellecavalli.it\/es\/wp-json\/wp\/v2\/pages\/171\/revisions"}],"predecessor-version":[{"id":237,"href":"https:\/\/www.ciellecavalli.it\/es\/wp-json\/wp\/v2\/pages\/171\/revisions\/237"}],"wp:attachment":[{"href":"https:\/\/www.ciellecavalli.it\/es\/wp-json\/wp\/v2\/media?parent=171"}],"curies":[{"name":"wp","href":"https:\/\/api.w.org\/{rel}","templated":true}]}}